{"id":592,"date":"2016-10-04T16:06:03","date_gmt":"2016-10-04T15:06:03","guid":{"rendered":"http:\/\/leblog.wesco.fr\/fr\/?page_id=592"},"modified":"2024-10-25T09:04:54","modified_gmt":"2024-10-25T07:04:54","slug":"mentions-legales","status":"publish","type":"page","link":"https:\/\/leblog.wesco.fr\/fr\/mentions-legales\/","title":{"rendered":"mentions l\u00e9gales"},"content":{"rendered":"<p style=\"text-align: left;\"><a href=\"https:\/\/leblog.wesco.fr\/\">Accueil <\/a>&gt; Mentions l\u00e9gales<\/p>\n<h2>1. \u00c9diteur<\/h2>\n<p>WESCO &#8211; Route de Cholet &#8211; 79140 CERIZAY &#8211; FRANCE &#8211; webmaster@wesco.fr &#8211; N\u00b0 Vert : 0 800 311 297<br \/>\nS.A. au capital de 1 000 000 \u20ac R.C.S NIORT 304 764 863 &#8211; APE 4649Z &#8211; T.V.A. : FR 52 304 764 863<br \/>\nDirecteur de la publication : Bertrand Vigneron<br \/>\nL&#8217;\u00e9diteur s&#8217;engage \u00e0 respecter l&#8217;ensemble des lois concernant la mise en place et l&#8217;activit\u00e9 d&#8217;un site Internet.<br \/>\nL\u2019acc\u00e8s \u00e0 l\u2019url https:\/\/www.leblog.wesco.fr\/ est gratuit. Les frais d\u2019acc\u00e8s et d\u2019utilisation du r\u00e9seau de t\u00e9l\u00e9communication sont \u00e0 la charge de tout utilisateur du site, selon les modalit\u00e9s fix\u00e9es par ses fournisseurs d\u2019acc\u00e8s et op\u00e9rateurs de t\u00e9l\u00e9communication.<br \/>\nIl est rappel\u00e9 que le fait d\u2019acc\u00e9der ou de se maintenir frauduleusement dans un syst\u00e8me informatique, d\u2019entraver ou de fausser le fonctionnement d\u2019un tel syst\u00e8me, d\u2019introduire ou de modifier frauduleusement des donn\u00e9es dans un syst\u00e8me informatique constituent des d\u00e9lits passibles de sanctions p\u00e9nales.<\/p>\n<h2>2. H\u00e9bergement<\/h2>\n<p>Le site leblog.wesco.fr est h\u00e9berg\u00e9 par la soci\u00e9t\u00e9 OVH<br \/>\nSAS au capital de 10 000 000 \u20ac<br \/>\nRCS Roubaix &#8211; Tourcoing 424 761 419 00045<br \/>\nCode APE 6202A<br \/>\nN\u00b0 TVA : FR 22 424 761 419<br \/>\nSi\u00e8ge social : 2 rue Kellermann &#8211; 59100 Roubaix &#8211; France<br \/>\n<a title=\"Voir le site OVH\" href=\"http:\/\/www.ovh.com\">www.ovh.com<\/a><\/p>\n<h2>3. Cr\u00e9dits<\/h2>\n<p>Conception et r\u00e9alisation du site :<br \/>\nWESCO<br \/>\nRoute de Cholet<br \/>\n79140 Cerizay<br \/>\nFRANCE<\/p>\n<h2>4. Acc\u00e8s au site<\/h2>\n<p>L\u2019utilisateur du site internet https:\/\/www.leblog.wesco.fr\/ reconna\u00eet disposer de la comp\u00e9tence et des moyens n\u00e9cessaires pour acc\u00e9der et utiliser ce site internet. Conform\u00e9ment \u00e0 la loi du 6 janvier 1978 relative \u00e0 l&#8217;informatique, aux fichiers et aux libert\u00e9s, ce site web a fait l&#8217;objet d&#8217;une d\u00e9claration aupr\u00e8s de la Commission Nationale Informatique et Libert\u00e9s (CNIL &#8211; www.cnil.fr).<br \/>\nIl est enregistr\u00e9 sous le n\u00b01307210.<\/p>\n<p>Les utilisateurs de ce site sont tenus de respecter les dispositions de la loi relative \u00e0 l\u2019informatique, aux fichiers et aux libert\u00e9s, dont la violation est passible de sanctions p\u00e9nales.<br \/>\nIls doivent notamment s\u2019abstenir, s\u2019agissant d\u2019informations nominatives auxquelles ils acc\u00e8dent, de toute collecte, de toute utilisation d\u00e9tourn\u00e9e et d\u2019une mani\u00e8re g\u00e9n\u00e9rale, de tout acte susceptible de porter atteinte \u00e0 la vie priv\u00e9e ou \u00e0 la r\u00e9putation des personnes.<\/p>\n<h2>5. Syst\u00e8me de gestion de contenu<\/h2>\n<p>Ce site est cr\u00e9\u00e9 sous WordPress et est mis \u00e0 jour \u00e0 chaque nouvelle version.<br \/>\nWordPress est un syst\u00e8me de gestion de contenu (CMS) gratuit et libre.<\/p>\n<h2>6. Contenu du site<\/h2>\n<p>WESCO met \u00e0 disposition des utilisateurs du site web https:\/\/leblog.wesco.fr\/ des informations et outils disponibles et v\u00e9rifi\u00e9s, mais ne saurait \u00eatre tenue pour responsable des erreurs ou de l\u2019indisponibilit\u00e9 de certaines informations.<br \/>\nNous remercions les utilisateurs du site de nous faire part d\u2019\u00e9ventuelles omissions, erreurs ou corrections, en adressant un mail au webmestre du site \u00e0 l\u2019adresse : <a title=\"Ecrire au service communication de Wesco\" href=\"mailto:communication@wesco.fr\">communication@wesco.fr<\/a><\/p>\n<h2>7. Propri\u00e9t\u00e9s et liens<\/h2>\n<p>La structure g\u00e9n\u00e9rale, ainsi que les logiciels, textes, images anim\u00e9es ou fixes, sons, savoir-faire, dessins, graphismes et tous autres \u00e9l\u00e9ments composant le site web https:\/\/www.leblog.wesco.fr\/ sont de l\u2019utilisation exclusive de Wesco. Toute repr\u00e9sentation totale ou partielle de ce site, par quelques proc\u00e9d\u00e9s que ce soient, sans autorisation expresse de Wesco, est interdite et constituerait une contrefa\u00e7on sanctionn\u00e9e par les articles L335-2 et suivants du Code de la propri\u00e9t\u00e9 intellectuelle.<br \/>\nLes liens hypertextes mis en place dans le cadre du pr\u00e9sent site web en direction d&#8217;autres ressources pr\u00e9sentes sur le r\u00e9seau internet, ne sauraient engager la responsabilit\u00e9 de Wesco.<br \/>\nWesco autorise la mise en place d\u2019un lien hypertexte pointant vers son contenu, sous r\u00e9serve de :<\/p>\n<ul>\n<li>ne pas utiliser la technique du lien profond (&#8220;deep linking&#8221;), c&#8217;est-\u00e0-dire que les pages du site https:\/\/www.leblog.wesco.fr\/ ne doivent pas \u00eatre imbriqu\u00e9es \u00e0 l&#8217;int\u00e9rieur des pages d&#8217;un autre site, mais accessible par l\u2019ouverture d\u2019une fen\u00eatre.<\/li>\n<li>mentionner la source qui pointera gr\u00e2ce \u00e0 un lien hypertexte directement sur le contenu vis\u00e9.<\/li>\n<li>n&#8217;utiliser les informations qu&#8217;\u00e0 des fins personnelles, associatives ou professionnelles ; toute utilisation \u00e0 des fins commerciales ou publicitaires est exclue.<\/li>\n<\/ul>\n<p>Attention ! Cette autorisation ne s\u2019applique pas aux sites internet diffusant des informations \u00e0 caract\u00e8re pol\u00e9mique, pornographique, p\u00e9dophile, x\u00e9nophobe ou pouvant, dans une plus large mesure porter atteinte \u00e0 la sensibilit\u00e9 du plus grand nombre.<br \/>\nPour d&#8217;autres utilisations, veuillez nous adresser une demande \u00e0 : <a title=\"Ecrire au service communication de Wesco\" href=\"mailto:communication@wesco.fr\">communication@wesco.fr<\/a><\/p>\n<h2>8. Informations techniques<\/h2>\n<p>Il est rappel\u00e9 que le secret des correspondances n&#8217;est pas garanti sur le r\u00e9seau Internet et qu&#8217;il appartient \u00e0 chaque utilisateur d&#8217;Internet de prendre toutes les mesures appropri\u00e9es de fa\u00e7on \u00e0 prot\u00e9ger ses propres donn\u00e9es et\/ou logiciels de la contamination d&#8217;\u00e9ventuels virus circulant sur Internet.<\/p>\n<h2>9. Donn\u00e9es personnelles<\/h2>\n<p>En conformit\u00e9 avec les dispositions de la loi du 6 janvier 1978 relative \u00e0 l\u2019informatique, aux fichiers et aux libert\u00e9s, le traitement automatis\u00e9 des donn\u00e9es nominatives r\u00e9alis\u00e9 \u00e0 partir du portail Internet a fait l\u2019objet d\u2019une d\u00e9claration aupr\u00e8s de la Commission Nationale de l\u2019Informatique et des Libert\u00e9s (CNIL \u2013 www.cnil.fr).<br \/>\nIl est enregistr\u00e9 sous le n\u00b01307210.<br \/>\nAucune information personnelle n&#8217;est collect\u00e9e \u00e0 votre insu, ni c\u00e9d\u00e9e \u00e0 des tiers.<br \/>\nLes adresses IP sont destin\u00e9es \u00e0 un usage purement technique et aux statistiques de consultation. Les courriers et documents re\u00e7us ou envoy\u00e9s par le biais de la messagerie \u00e9lectronique sont conserv\u00e9s pendant une dur\u00e9e d\u2019un an et sont ensuite sauvegard\u00e9s.<br \/>\nLes donn\u00e9es personnelles sont conserv\u00e9es pour la dur\u00e9e n\u00e9cessaire \u00e0 la r\u00e9alisation des campagnes d&#8217;informations de la soci\u00e9t\u00e9 Wesco (pour vous faire parvenir nos prochaines newsletters&#8230;).<\/p>\n<p>Conform\u00e9ment \u00e0 la loi Informatique et Libert\u00e9s du 6\/01\/1978, vous disposez d&#8217;un droit d&#8217;acc\u00e8s, de rectification et d&#8217;opposition aux informations vous concernant qui peut s&#8217;exercer :<\/p>\n<ul>\n<li>par email \u00e0 : <a title=\"Ecrire au service communication de Wesco\" href=\"mailto:communication@wesco.fr\">communication@wesco.fr<\/a><\/li>\n<li>par courrier \u00e0 : WESCO &#8211; Route de Cholet &#8211; 79140 CERIZAY &#8211; FRANCE<\/li>\n<\/ul>\n<p>en indiquant nom, pr\u00e9nom, adresse<br \/>\nConform\u00e9ment \u00e0 la r\u00e9glementation en vigueur, votre demande doit \u00eatre sign\u00e9e et accompagn\u00e9e de la photocopie d\u2019un titre d\u2019identit\u00e9 portant votre signature et pr\u00e9ciser l\u2019adresse \u00e0 laquelle doit vous parvenir la r\u00e9ponse. Une r\u00e9ponse vous sera alors adress\u00e9e dans un d\u00e9lai de 2 mois suivant la r\u00e9ception de la demande.<br \/>\nEn cas de rectification, nous vous adresserons, sur simple demande, une copie des informations telles que rectifi\u00e9es<\/p>\n<h2>10 . Commentaires<\/h2>\n<p>Les commentaires sont mod\u00e9r\u00e9s a priori. Ne postez pas plusieurs fois votre commentaire si vous ne le voyez pas appara\u00eetre. Les commentaires que l\u2019on peut trouver au pied des billets refl\u00e8tent uniquement l\u2019avis de leurs auteurs. Pour en savoir plus, lire les <a title=\"Voir les conditions d'utilisation du blog Wesco\" href=\"https:\/\/leblog.wesco.fr\/conditions-dutilisation\/\">conditions d&#8217;utilisation<\/a>.<\/p>\n<h2>11 . Cookies<\/h2>\n<p>Voir la page <a title=\"Voir la page d'information sur les Cookies\" href=\"https:\/\/leblog.wesco.fr\/cookies\/\">Cookies<\/a><\/p>\n<h2>12 . Loi applicable<\/h2>\n<p>L\u2019usage de ce site web est r\u00e9gi par la loi fran\u00e7aise, \u00e0 l&#8217;exception de toute autre l\u00e9gislation.<\/p>\n<p style=\"text-align: center;\"><a href=\"https:\/\/leblog.wesco.fr\/qui-sommes-nous\/\">Qui sommes-nous ?<\/a><br \/>\n<a href=\"https:\/\/www.wesco.fr\" target=\"_blank\" rel=\"noopener noreferrer\">Notre site de vente en ligne <\/a><br \/>\n<a href=\"https:\/\/leblog.wesco.fr\/nous-ecrire\/\">Nous \u00e9crire<\/a><\/p>\n","protected":false},"excerpt":{"rendered":"<p>Accueil &gt; Mentions l\u00e9gales 1. \u00c9diteur WESCO &#8211; Route de Cholet &#8211; 79140 CERIZAY &#8211; FRANCE &#8211; webmaster@wesco.fr &#8211; N\u00b0 Vert : 0 800 311 297 S.A. au capital de 1 000 000 \u20ac R.C.S NIORT 304 764 863 &#8211; APE 4649Z &#8211; T.V.A. : FR 52 304 764 863 Directeur de la publication : Bertrand Vigneron L&#8217;\u00e9diteur s&#8217;engage \u00e0 respecter l&#8217;ensemble des lois concernant la mise en place et l&#8217;activit\u00e9 d&#8217;un site Internet. L\u2019acc\u00e8s \u00e0 l\u2019url https:\/\/www.leblog.wesco.fr\/ est gratuit. Les frais d\u2019acc\u00e8s et d\u2019utilisation du r\u00e9seau de t\u00e9l\u00e9communication sont \u00e0 la charge de tout utilisateur du site, selon les modalit\u00e9s fix\u00e9es par ses fournisseurs d\u2019acc\u00e8s et op\u00e9rateurs de t\u00e9l\u00e9communication. Il est rappel\u00e9 que le fait d\u2019acc\u00e9der ou de se maintenir frauduleusement dans un syst\u00e8me informatique, d\u2019entraver ou de fausser le fonctionnement d\u2019un tel syst\u00e8me, [&hellip;]<\/p>\n","protected":false},"author":1,"featured_media":0,"parent":0,"menu_order":0,"comment_status":"closed","ping_status":"closed","template":"","meta":{"_lmt_disableupdate":"","_lmt_disable":"","episode_type":"","audio_file":"","podmotor_file_id":"","podmotor_episode_id":"","cover_image":"","cover_image_id":"","duration":"","filesize":"","filesize_raw":"","date_recorded":"","explicit":"","block":"","itunes_episode_number":"","itunes_title":"","itunes_season_number":"","itunes_episode_type":"","footnotes":""},"class_list":["post-592","page","type-page","status-publish","hentry"],"yoast_head":"<!-- This site is optimized with the Yoast SEO plugin v27.5 - https:\/\/yoast.com\/product\/yoast-seo-wordpress\/ -->\n<title>mentions l\u00e9gales - Blog Wesco<\/title>\n<meta name=\"robots\" content=\"index, follow, max-snippet:-1, max-image-preview:large, max-video-preview:-1\" \/>\n<link rel=\"canonical\" href=\"https:\/\/leblog.wesco.fr\/fr\/mentions-legales\/\" \/>\n<meta property=\"og:locale\" content=\"fr_FR\" \/>\n<meta property=\"og:type\" content=\"article\" \/>\n<meta property=\"og:title\" content=\"mentions l\u00e9gales - Blog Wesco\" \/>\n<meta property=\"og:description\" content=\"Accueil &gt; Mentions l\u00e9gales 1. \u00c9diteur WESCO &#8211; Route de Cholet &#8211; 79140 CERIZAY &#8211; FRANCE &#8211; webmaster@wesco.fr &#8211; N\u00b0 Vert : 0 800 311 297 S.A. au capital de 1 000 000 \u20ac R.C.S NIORT 304 764 863 &#8211; APE 4649Z &#8211; T.V.A. : FR 52 304 764 863 Directeur de la publication : Bertrand Vigneron L&#8217;\u00e9diteur s&#8217;engage \u00e0 respecter l&#8217;ensemble des lois concernant la mise en place et l&#8217;activit\u00e9 d&#8217;un site Internet. L\u2019acc\u00e8s \u00e0 l\u2019url https:\/\/www.leblog.wesco.fr\/ est gratuit. Les frais d\u2019acc\u00e8s et d\u2019utilisation du r\u00e9seau de t\u00e9l\u00e9communication sont \u00e0 la charge de tout utilisateur du site, selon les modalit\u00e9s fix\u00e9es par ses fournisseurs d\u2019acc\u00e8s et op\u00e9rateurs de t\u00e9l\u00e9communication. Il est rappel\u00e9 que le fait d\u2019acc\u00e9der ou de se maintenir frauduleusement dans un syst\u00e8me informatique, d\u2019entraver ou de fausser le fonctionnement d\u2019un tel syst\u00e8me, [&hellip;]\" \/>\n<meta property=\"og:url\" content=\"https:\/\/leblog.wesco.fr\/fr\/mentions-legales\/\" \/>\n<meta property=\"og:site_name\" content=\"Blog Wesco\" \/>\n<meta property=\"article:modified_time\" content=\"2024-10-25T07:04:54+00:00\" \/>\n<meta name=\"twitter:card\" content=\"summary_large_image\" \/>\n<meta name=\"twitter:label1\" content=\"Dur\u00e9e de lecture estim\u00e9e\" \/>\n\t<meta name=\"twitter:data1\" content=\"6 minutes\" \/>\n<!-- \/ Yoast SEO plugin. -->","yoast_head_json":{"title":"mentions l\u00e9gales - Blog Wesco","robots":{"index":"index","follow":"follow","max-snippet":"max-snippet:-1","max-image-preview":"max-image-preview:large","max-video-preview":"max-video-preview:-1"},"canonical":"https:\/\/leblog.wesco.fr\/fr\/mentions-legales\/","og_locale":"fr_FR","og_type":"article","og_title":"mentions l\u00e9gales - Blog Wesco","og_description":"Accueil &gt; Mentions l\u00e9gales 1. \u00c9diteur WESCO &#8211; Route de Cholet &#8211; 79140 CERIZAY &#8211; FRANCE &#8211; webmaster@wesco.fr &#8211; N\u00b0 Vert : 0 800 311 297 S.A. au capital de 1 000 000 \u20ac R.C.S NIORT 304 764 863 &#8211; APE 4649Z &#8211; T.V.A. : FR 52 304 764 863 Directeur de la publication : Bertrand Vigneron L&#8217;\u00e9diteur s&#8217;engage \u00e0 respecter l&#8217;ensemble des lois concernant la mise en place et l&#8217;activit\u00e9 d&#8217;un site Internet. L\u2019acc\u00e8s \u00e0 l\u2019url https:\/\/www.leblog.wesco.fr\/ est gratuit. Les frais d\u2019acc\u00e8s et d\u2019utilisation du r\u00e9seau de t\u00e9l\u00e9communication sont \u00e0 la charge de tout utilisateur du site, selon les modalit\u00e9s fix\u00e9es par ses fournisseurs d\u2019acc\u00e8s et op\u00e9rateurs de t\u00e9l\u00e9communication. Il est rappel\u00e9 que le fait d\u2019acc\u00e9der ou de se maintenir frauduleusement dans un syst\u00e8me informatique, d\u2019entraver ou de fausser le fonctionnement d\u2019un tel syst\u00e8me, [&hellip;]","og_url":"https:\/\/leblog.wesco.fr\/fr\/mentions-legales\/","og_site_name":"Blog Wesco","article_modified_time":"2024-10-25T07:04:54+00:00","twitter_card":"summary_large_image","twitter_misc":{"Dur\u00e9e de lecture estim\u00e9e":"6 minutes"},"schema":{"@context":"https:\/\/schema.org","@graph":[{"@type":"WebPage","@id":"https:\/\/leblog.wesco.fr\/fr\/mentions-legales\/","url":"https:\/\/leblog.wesco.fr\/fr\/mentions-legales\/","name":"mentions l\u00e9gales - Blog Wesco","isPartOf":{"@id":"https:\/\/leblog.wesco.fr\/fr\/#website"},"datePublished":"2016-10-04T15:06:03+00:00","dateModified":"2024-10-25T07:04:54+00:00","breadcrumb":{"@id":"https:\/\/leblog.wesco.fr\/fr\/mentions-legales\/#breadcrumb"},"inLanguage":"fr-FR","potentialAction":[{"@type":"ReadAction","target":["https:\/\/leblog.wesco.fr\/fr\/mentions-legales\/"]}]},{"@type":"BreadcrumbList","@id":"https:\/\/leblog.wesco.fr\/fr\/mentions-legales\/#breadcrumb","itemListElement":[{"@type":"ListItem","position":1,"name":"Accueil","item":"https:\/\/leblog.wesco.fr\/fr\/"},{"@type":"ListItem","position":2,"name":"mentions l\u00e9gales"}]},{"@type":"WebSite","@id":"https:\/\/leblog.wesco.fr\/fr\/#website","url":"https:\/\/leblog.wesco.fr\/fr\/","name":"Blog Wesco","description":"Le rendez-vous des enfants, des parents et des professionnels","potentialAction":[{"@type":"SearchAction","target":{"@type":"EntryPoint","urlTemplate":"https:\/\/leblog.wesco.fr\/fr\/?s={search_term_string}"},"query-input":{"@type":"PropertyValueSpecification","valueRequired":true,"valueName":"search_term_string"}}],"inLanguage":"fr-FR"}]}},"_links":{"self":[{"href":"https:\/\/leblog.wesco.fr\/fr\/wp-json\/wp\/v2\/pages\/592","targetHints":{"allow":["GET"]}}],"collection":[{"href":"https:\/\/leblog.wesco.fr\/fr\/wp-json\/wp\/v2\/pages"}],"about":[{"href":"https:\/\/leblog.wesco.fr\/fr\/wp-json\/wp\/v2\/types\/page"}],"author":[{"embeddable":true,"href":"https:\/\/leblog.wesco.fr\/fr\/wp-json\/wp\/v2\/users\/1"}],"replies":[{"embeddable":true,"href":"https:\/\/leblog.wesco.fr\/fr\/wp-json\/wp\/v2\/comments?post=592"}],"version-history":[{"count":10,"href":"https:\/\/leblog.wesco.fr\/fr\/wp-json\/wp\/v2\/pages\/592\/revisions"}],"predecessor-version":[{"id":130223,"href":"https:\/\/leblog.wesco.fr\/fr\/wp-json\/wp\/v2\/pages\/592\/revisions\/130223"}],"wp:attachment":[{"href":"https:\/\/leblog.wesco.fr\/fr\/wp-json\/wp\/v2\/media?parent=592"}],"curies":[{"name":"wp","href":"https:\/\/api.w.org\/{rel}","templated":true}]}}