{"id":1326,"date":"2016-11-29T09:04:51","date_gmt":"2016-11-29T08:04:51","guid":{"rendered":"http:\/\/leblog.wesco.fr\/fr\/?page_id=1326"},"modified":"2024-06-28T15:18:00","modified_gmt":"2024-06-28T13:18:00","slug":"conditions-dutilisation","status":"publish","type":"page","link":"https:\/\/leblog.wesco.fr\/fr\/conditions-dutilisation\/","title":{"rendered":"Conditions d&#8217;utilisation"},"content":{"rendered":"<p><a href=\"https:\/\/leblog.wesco.fr\/\">Accueil <\/a>&gt;\u00a0Conditions d&#8217;utilisation<\/p>\n<h1>Conditions d&#8217;utilisation<\/h1>\n<p><strong>Bienvenue sur le blog officiel de Wesco.<\/strong><\/p>\n<p>En tant qu\u2019utilisateur du blog Wesco, nous vous invitons \u00e0 consulter les conditions d\u2019utilisation ci-dessous et \u00e0 les respecter.<\/p>\n<h2>1. Les r\u00e8gles de bonne conduite<\/h2>\n<p>En devenant utilisateur du blog Wesco, vous vous engagez \u00e0 respecter les<br \/>r\u00e8gles de courtoisie et \u00e0 veiller \u00e0 :<\/p>\n<ul>\n<li>ne pas publier de commentaires (liste non exhaustive) :\n<ul>\n<li>\u00e0 caract\u00e8re violent, d\u00e9nigrant, diffamatoire, injurieux, illicite, obsc\u00e8ne, pornographique, p\u00e9dophile ;<\/li>\n<li>\u00e0 caract\u00e8re politique ou religieux ;<\/li>\n<li>faisant l\u2019apologie des crimes, crimes de guerre ou des crimes contre l\u2019humanit\u00e9 ;<\/li>\n<li>appelant au meurtre, au suicide ou incitant \u00e0 la commission d\u2019un d\u00e9lit ;<\/li>\n<li>incitant \u00e0 la discrimination, \u00e0 la haine ou \u00e0 la violence (x\u00e9nophobie, racisme, homophobie, etc.) ;<\/li>\n<\/ul>\n<\/li>\n<li>ne pas diffuser de promotion ou promouvoir une activit\u00e9 commerciale. \u00c0 ce titre, il vous est interdit de publier des commentaires (liste non exhaustive) :\n<ul>\n<li>contenant un lien hypertexte renvoyant vers un site commercial ;<\/li>\n<li>ayant la nature de publicit\u00e9s ;<\/li>\n<\/ul>\n<\/li>\n<li>ne pas porter atteinte ou n\u2019\u00eatre pas susceptible de porter atteinte aux droits des tiers et aux droits de la personnalit\u00e9. \u00c0 ce titre, il vous est interdit de publier des commentaires (liste non exhaustive) :\n<ul>\n<li>reproduisant sans autorisation une \u0153uvre ou une contribution prot\u00e9g\u00e9e par des droits de propri\u00e9t\u00e9 intellectuelle (marques, droits d\u2019auteur et droits voisins) ;<\/li>\n<li>portant atteinte au droit \u00e0 l\u2019image, au droit au respect de la vie priv\u00e9e ;<\/li>\n<li>portant atteinte \u00e0 la protection des donn\u00e9es personnelles d\u2019un tiers ;<\/li>\n<\/ul>\n<\/li>\n<li>ne pas porter atteinte ou susceptible de porter atteinte \u00e0 l\u2019image ou \u00e0 la r\u00e9putation d\u2019une marque ou d\u2019une personne physique ou morale ;<\/li>\n<li>ne pas divulguer d&#8217;informations permettant l&#8217;identification nominative et pr\u00e9cise d\u2019utilisateurs du blog ;<\/li>\n<li>ne pas pratiquer la reprise partielle ou totale de contenus propres au sites et blog de Wesco ;<\/li>\n<li>ne pas publier de contenus contraires aux valeurs v\u00e9hicul\u00e9es par la marque Wesco.<\/li>\n<\/ul>\n<p>De m\u00eame, en devenant utilisateur du blog Wesco, vous vous engagez \u00e0 respecter les r\u00e8gles suivantes :<\/p>\n<ul>\n<li>vos contributions doivent respecter la courtoisie \u200bn\u00e9cessaire au bon d\u00e9roulement des d\u00e9bats ;<\/li>\n<li>vos contributions doivent utiliser un langage correct\u200b et compr\u00e9hensible ;<\/li>\n<li>vos contributions ne doivent pas pr\u00e9senter de caract\u00e8re r\u00e9p\u00e9titif.<\/li>\n<\/ul>\n<h2>2. La mod\u00e9ration<\/h2>\n<p>L\u2019espace de discussion constitu\u00e9 par les articles et les commentaires du blog Wesco est mod\u00e9r\u00e9 a posteriori consistant, pour le mod\u00e9rateur du blog \u00e0 v\u00e9rifier puis \u00e9ventuellement \u00e0 supprimer ou exclure temporairement ou d\u00e9finitivement, apr\u00e8s sa diffusion, tout contenu qui serait sans rapport avec le sujet abord\u00e9, la ligne \u00e9ditoriale du blog, les principes \u00e9thiques rappel\u00e9s ci-dessus ou qui serait contraire aux lois et r\u00e8glements en vigueur, dans le but d\u2019une utilisation paisible de ce blog et de permettre des \u00e9changes constructifs entre les utilisateurs. Les commentaires sont un espace d\u2019expression des avis des internautes, merci de respecter l\u2019avis de chacun. Nous encourageons les internautes \u00e0 rester courtois afin que le d\u00e9bat se d\u00e9roule dans les meilleures conditions.<br \/>En devenant utilisateur du blog Wesco, vous reconnaissez la possibilit\u00e9 pour le mod\u00e9rateur de ce blog de contr\u00f4ler les contributions et de supprimer \u00e0 tout moment, toute contribution.<br \/>Notamment, le mod\u00e9rateur pourra supprimer discr\u00e9tionnairement toute contribution qu\u2019il jugerait non conforme aux r\u00e8gles de bonne conduite d\u00e9crites plus haut et \u00e0 l\u2019esprit d\u2019\u00e9change et de convivialit\u00e9 animant l\u2019espace de discussion constitu\u00e9 par le blog Wesco.<\/p>\n<p>Chaque utilisateur peut \u00e0 tout moment, si une contribution porte atteinte \u00e0 ses droits, la signaler directement en \u00e9crivant \u00e0 <a title=\"Ecrire au service communication de Wesco\" href=\"mailto:communication@wesco.fr\">communication@wesco.fr<\/a><\/p>\n<p>La mod\u00e9ration sur le site s\u2019effectue du lundi au vendredi, de 9 heures \u00e0 17 heures.<\/p>\n<h2>3. Conservation des donn\u00e9es et contributions<\/h2>\n<p>Il est rappel\u00e9 que seule l\u2019identit\u00e9 indiqu\u00e9e appara\u00eet sur le commentaire du blog Wesco.<br \/>Chaque internaute souhaitant exercer, conform\u00e9ment \u00e0 la loi \u00ab Informatique et libert\u00e9s \u00bb du 6 janvier 1978 son droit d\u2019acc\u00e8s, de rectification et de suppression des donn\u00e9es le concernant, devra s\u2019adresser directement \u00e0 la soci\u00e9t\u00e9 Wesco.<br \/>Chaque utilisateur est seul responsable de la diffusion par lui :<\/p>\n<ul>\n<li>de ses donn\u00e9es personnelles ;<\/li>\n<li>de ses contributions et messages.<\/li>\n<\/ul>\n<p style=\"text-align: center;\"><a href=\"https:\/\/leblog.wesco.fr\/qui-sommes-nous\/\">Qui sommes-nous ?<\/a><br \/><a href=\"https:\/\/www.wesco.fr\/\" target=\"_blank\" rel=\"noopener\">Notre site de vente en ligne <\/a><br \/><a href=\"https:\/\/leblog.wesco.fr\/nous-ecrire\/\">Nous \u00e9crire <\/a><br \/><a href=\"https:\/\/link.wesco.fr\/T\/WF\/3558\/89Awye\/Optin\/fr-CA\/Form.ofsys\">Inscription newsletter<\/a><\/p>\n\n\n<p><\/p>\n","protected":false},"excerpt":{"rendered":"<p>Accueil &gt;\u00a0Conditions d&#8217;utilisation Conditions d&#8217;utilisation Bienvenue sur le blog officiel de Wesco. En tant qu\u2019utilisateur du blog Wesco, nous vous invitons \u00e0 consulter les conditions d\u2019utilisation ci-dessous et \u00e0 les respecter. 1. Les r\u00e8gles de bonne conduite En devenant utilisateur du blog Wesco, vous vous engagez \u00e0 respecter lesr\u00e8gles de courtoisie et \u00e0 veiller \u00e0 : ne pas publier de commentaires (liste non exhaustive) : \u00e0 caract\u00e8re violent, d\u00e9nigrant, diffamatoire, injurieux, illicite, obsc\u00e8ne, pornographique, p\u00e9dophile ; \u00e0 caract\u00e8re politique ou religieux ; faisant l\u2019apologie des crimes, crimes de guerre ou des crimes contre l\u2019humanit\u00e9 ; appelant au meurtre, au suicide ou incitant \u00e0 la commission d\u2019un d\u00e9lit ; incitant \u00e0 la discrimination, \u00e0 la haine ou \u00e0 la violence (x\u00e9nophobie, racisme, homophobie, etc.) ; ne pas diffuser de promotion ou promouvoir une activit\u00e9 commerciale. \u00c0 [&hellip;]<\/p>\n","protected":false},"author":1,"featured_media":0,"parent":0,"menu_order":0,"comment_status":"closed","ping_status":"closed","template":"","meta":{"_lmt_disableupdate":"","_lmt_disable":"","episode_type":"","audio_file":"","podmotor_file_id":"","podmotor_episode_id":"","cover_image":"","cover_image_id":"","duration":"","filesize":"","filesize_raw":"","date_recorded":"","explicit":"","block":"","itunes_episode_number":"","itunes_title":"","itunes_season_number":"","itunes_episode_type":"","footnotes":""},"class_list":["post-1326","page","type-page","status-publish","hentry"],"yoast_head":"<!-- This site is optimized with the Yoast SEO plugin v27.3 - https:\/\/yoast.com\/product\/yoast-seo-wordpress\/ -->\n<title>Conditions d&#039;utilisation - Blog Wesco<\/title>\n<meta name=\"robots\" content=\"index, follow, max-snippet:-1, max-image-preview:large, max-video-preview:-1\" \/>\n<link rel=\"canonical\" href=\"https:\/\/leblog.wesco.fr\/fr\/conditions-dutilisation\/\" \/>\n<meta property=\"og:locale\" content=\"fr_FR\" \/>\n<meta property=\"og:type\" content=\"article\" \/>\n<meta property=\"og:title\" content=\"Conditions d&#039;utilisation - Blog Wesco\" \/>\n<meta property=\"og:description\" content=\"Accueil &gt;\u00a0Conditions d&#8217;utilisation Conditions d&#8217;utilisation Bienvenue sur le blog officiel de Wesco. En tant qu\u2019utilisateur du blog Wesco, nous vous invitons \u00e0 consulter les conditions d\u2019utilisation ci-dessous et \u00e0 les respecter. 1. Les r\u00e8gles de bonne conduite En devenant utilisateur du blog Wesco, vous vous engagez \u00e0 respecter lesr\u00e8gles de courtoisie et \u00e0 veiller \u00e0 : ne pas publier de commentaires (liste non exhaustive) : \u00e0 caract\u00e8re violent, d\u00e9nigrant, diffamatoire, injurieux, illicite, obsc\u00e8ne, pornographique, p\u00e9dophile ; \u00e0 caract\u00e8re politique ou religieux ; faisant l\u2019apologie des crimes, crimes de guerre ou des crimes contre l\u2019humanit\u00e9 ; appelant au meurtre, au suicide ou incitant \u00e0 la commission d\u2019un d\u00e9lit ; incitant \u00e0 la discrimination, \u00e0 la haine ou \u00e0 la violence (x\u00e9nophobie, racisme, homophobie, etc.) ; ne pas diffuser de promotion ou promouvoir une activit\u00e9 commerciale. \u00c0 [&hellip;]\" \/>\n<meta property=\"og:url\" content=\"https:\/\/leblog.wesco.fr\/fr\/conditions-dutilisation\/\" \/>\n<meta property=\"og:site_name\" content=\"Blog Wesco\" \/>\n<meta property=\"article:modified_time\" content=\"2024-06-28T13:18:00+00:00\" \/>\n<meta name=\"twitter:card\" content=\"summary_large_image\" \/>\n<meta name=\"twitter:label1\" content=\"Dur\u00e9e de lecture estim\u00e9e\" \/>\n\t<meta name=\"twitter:data1\" content=\"4 minutes\" \/>\n<!-- \/ Yoast SEO plugin. -->","yoast_head_json":{"title":"Conditions d'utilisation - Blog Wesco","robots":{"index":"index","follow":"follow","max-snippet":"max-snippet:-1","max-image-preview":"max-image-preview:large","max-video-preview":"max-video-preview:-1"},"canonical":"https:\/\/leblog.wesco.fr\/fr\/conditions-dutilisation\/","og_locale":"fr_FR","og_type":"article","og_title":"Conditions d'utilisation - Blog Wesco","og_description":"Accueil &gt;\u00a0Conditions d&#8217;utilisation Conditions d&#8217;utilisation Bienvenue sur le blog officiel de Wesco. En tant qu\u2019utilisateur du blog Wesco, nous vous invitons \u00e0 consulter les conditions d\u2019utilisation ci-dessous et \u00e0 les respecter. 1. Les r\u00e8gles de bonne conduite En devenant utilisateur du blog Wesco, vous vous engagez \u00e0 respecter lesr\u00e8gles de courtoisie et \u00e0 veiller \u00e0 : ne pas publier de commentaires (liste non exhaustive) : \u00e0 caract\u00e8re violent, d\u00e9nigrant, diffamatoire, injurieux, illicite, obsc\u00e8ne, pornographique, p\u00e9dophile ; \u00e0 caract\u00e8re politique ou religieux ; faisant l\u2019apologie des crimes, crimes de guerre ou des crimes contre l\u2019humanit\u00e9 ; appelant au meurtre, au suicide ou incitant \u00e0 la commission d\u2019un d\u00e9lit ; incitant \u00e0 la discrimination, \u00e0 la haine ou \u00e0 la violence (x\u00e9nophobie, racisme, homophobie, etc.) ; ne pas diffuser de promotion ou promouvoir une activit\u00e9 commerciale. \u00c0 [&hellip;]","og_url":"https:\/\/leblog.wesco.fr\/fr\/conditions-dutilisation\/","og_site_name":"Blog Wesco","article_modified_time":"2024-06-28T13:18:00+00:00","twitter_card":"summary_large_image","twitter_misc":{"Dur\u00e9e de lecture estim\u00e9e":"4 minutes"},"schema":{"@context":"https:\/\/schema.org","@graph":[{"@type":"WebPage","@id":"https:\/\/leblog.wesco.fr\/fr\/conditions-dutilisation\/","url":"https:\/\/leblog.wesco.fr\/fr\/conditions-dutilisation\/","name":"Conditions d'utilisation - Blog Wesco","isPartOf":{"@id":"https:\/\/leblog.wesco.fr\/fr\/#website"},"datePublished":"2016-11-29T08:04:51+00:00","dateModified":"2024-06-28T13:18:00+00:00","breadcrumb":{"@id":"https:\/\/leblog.wesco.fr\/fr\/conditions-dutilisation\/#breadcrumb"},"inLanguage":"fr-FR","potentialAction":[{"@type":"ReadAction","target":["https:\/\/leblog.wesco.fr\/fr\/conditions-dutilisation\/"]}]},{"@type":"BreadcrumbList","@id":"https:\/\/leblog.wesco.fr\/fr\/conditions-dutilisation\/#breadcrumb","itemListElement":[{"@type":"ListItem","position":1,"name":"Accueil","item":"https:\/\/leblog.wesco.fr\/fr\/"},{"@type":"ListItem","position":2,"name":"Conditions d&#8217;utilisation"}]},{"@type":"WebSite","@id":"https:\/\/leblog.wesco.fr\/fr\/#website","url":"https:\/\/leblog.wesco.fr\/fr\/","name":"Blog Wesco","description":"Le rendez-vous des enfants, des parents et des professionnels","potentialAction":[{"@type":"SearchAction","target":{"@type":"EntryPoint","urlTemplate":"https:\/\/leblog.wesco.fr\/fr\/?s={search_term_string}"},"query-input":{"@type":"PropertyValueSpecification","valueRequired":true,"valueName":"search_term_string"}}],"inLanguage":"fr-FR"}]}},"_links":{"self":[{"href":"https:\/\/leblog.wesco.fr\/fr\/wp-json\/wp\/v2\/pages\/1326","targetHints":{"allow":["GET"]}}],"collection":[{"href":"https:\/\/leblog.wesco.fr\/fr\/wp-json\/wp\/v2\/pages"}],"about":[{"href":"https:\/\/leblog.wesco.fr\/fr\/wp-json\/wp\/v2\/types\/page"}],"author":[{"embeddable":true,"href":"https:\/\/leblog.wesco.fr\/fr\/wp-json\/wp\/v2\/users\/1"}],"replies":[{"embeddable":true,"href":"https:\/\/leblog.wesco.fr\/fr\/wp-json\/wp\/v2\/comments?post=1326"}],"version-history":[{"count":4,"href":"https:\/\/leblog.wesco.fr\/fr\/wp-json\/wp\/v2\/pages\/1326\/revisions"}],"predecessor-version":[{"id":129658,"href":"https:\/\/leblog.wesco.fr\/fr\/wp-json\/wp\/v2\/pages\/1326\/revisions\/129658"}],"wp:attachment":[{"href":"https:\/\/leblog.wesco.fr\/fr\/wp-json\/wp\/v2\/media?parent=1326"}],"curies":[{"name":"wp","href":"https:\/\/api.w.org\/{rel}","templated":true}]}}